{"id":5550,"date":"2016-12-03T15:08:37","date_gmt":"2016-12-03T15:08:37","guid":{"rendered":"https:\/\/demo.wpzoom.com\/inspiro\/?page_id=5550"},"modified":"2026-04-02T23:04:27","modified_gmt":"2026-04-02T21:04:27","slug":"homepage-2","status":"publish","type":"page","link":"https:\/\/www.benjamin-hillig.de\/","title":{"rendered":"Homepage"},"content":{"rendered":"\n<div class=\"wp-block-cover has-custom-content-position is-position-bottom-left is-style-default has-aspect-ratio wp-duotone-unset-2\" style=\"padding-top:6rem;padding-right:1.6rem;padding-bottom:6rem;padding-left:1.6rem;min-height:400px;aspect-ratio:auto;min-height:unset;\"><img loading=\"lazy\" decoding=\"async\" width=\"1024\" height=\"683\" class=\"wp-block-cover__image-background wp-image-6979 size-large\" alt=\"\" src=\"https:\/\/www.benjamin-hillig.de\/wp-content\/uploads\/2026\/02\/2BE932A9-9C09-4B99-9143-8E174A9C5406-1024x683.png\" style=\"object-position:52% 36%\" data-object-fit=\"cover\" data-object-position=\"52% 36%\" srcset=\"https:\/\/www.benjamin-hillig.de\/wp-content\/uploads\/2026\/02\/2BE932A9-9C09-4B99-9143-8E174A9C5406-1024x683.png 1024w, https:\/\/www.benjamin-hillig.de\/wp-content\/uploads\/2026\/02\/2BE932A9-9C09-4B99-9143-8E174A9C5406-300x200.png 300w, https:\/\/www.benjamin-hillig.de\/wp-content\/uploads\/2026\/02\/2BE932A9-9C09-4B99-9143-8E174A9C5406-768x512.png 768w, https:\/\/www.benjamin-hillig.de\/wp-content\/uploads\/2026\/02\/2BE932A9-9C09-4B99-9143-8E174A9C5406-1170x780.png 1170w, https:\/\/www.benjamin-hillig.de\/wp-content\/uploads\/2026\/02\/2BE932A9-9C09-4B99-9143-8E174A9C5406.png 1536w\" sizes=\"auto, (max-width: 1024px) 100vw, 1024px\" \/><span aria-hidden=\"true\" class=\"wp-block-cover__background has-background-dim-70 has-background-dim wp-block-cover__gradient-background has-background-gradient\" style=\"background:linear-gradient(180deg,rgba(36,36,30,0.33) 66%,rgb(36,36,30) 100%)\"><\/span><div class=\"wp-block-cover__inner-container is-layout-flow wp-block-cover-is-layout-flow\">\n<div class=\"wp-block-group is-style-default is-layout-constrained wp-container-core-group-is-layout-017c9fcd wp-block-group-is-layout-constrained\" style=\"margin-top:0;margin-bottom:0;padding-top:var(--wp--preset--spacing--40);padding-right:0;padding-bottom:var(--wp--preset--spacing--40);padding-left:0\">\n<div class=\"wp-block-columns is-layout-flex wp-container-core-columns-is-layout-28f84493 wp-block-columns-is-layout-flex\">\n<div class=\"wp-block-column is-vertically-aligned-center is-style-default is-layout-flow wp-container-core-column-is-layout-1396dd20 wp-block-column-is-layout-flow\" style=\"padding-top:0;padding-right:0;padding-bottom:0;padding-left:0\">\n<div class=\"wp-block-columns is-layout-flex wp-container-core-columns-is-layout-9938bbd8 wp-block-columns-is-layout-flex\" style=\"margin-top:var(--wp--preset--spacing--50);margin-bottom:var(--wp--preset--spacing--50);padding-top:var(--wp--preset--spacing--40);padding-bottom:var(--wp--preset--spacing--40)\">\n<div class=\"wp-block-column is-vertically-aligned-center is-layout-flow wp-block-column-is-layout-flow\" style=\"padding-top:0;padding-right:0;padding-bottom:0;padding-left:0;flex-basis:85px\">\n<figure class=\"wp-block-image size-full is-resized wp-duotone-000000-fefefe-1\" style=\"margin-right:var(--wp--preset--spacing--20)\"><img loading=\"lazy\" decoding=\"async\" width=\"328\" height=\"402\" src=\"https:\/\/www.benjamin-hillig.de\/wp-content\/uploads\/2026\/02\/b_logo_64-edited-e1774379269329.png\" alt=\"\" class=\"wp-image-7282\" style=\"aspect-ratio:0.8159362549800797;object-fit:cover;width:91px;height:auto\" srcset=\"https:\/\/www.benjamin-hillig.de\/wp-content\/uploads\/2026\/02\/b_logo_64-edited-e1774379269329.png 328w, https:\/\/www.benjamin-hillig.de\/wp-content\/uploads\/2026\/02\/b_logo_64-edited-e1774379269329-245x300.png 245w\" sizes=\"auto, (max-width: 328px) 100vw, 328px\" \/><\/figure>\n<\/div>\n\n\n\n<div class=\"wp-block-column is-vertically-aligned-bottom is-layout-flow wp-container-core-column-is-layout-575a8a15 wp-block-column-is-layout-flow\" style=\"padding-top:var(--wp--preset--spacing--40);padding-bottom:var(--wp--preset--spacing--20)\">\n<div class=\"wp-block-group is-nowrap is-layout-flex wp-container-core-group-is-layout-03d48a42 wp-block-group-is-layout-flex\" style=\"margin-top:0;margin-bottom:0;padding-top:0;padding-right:0;padding-bottom:0;padding-left:0\">\n<p style=\"margin-top:0;margin-right:0;margin-bottom:0;margin-left:0;padding-top:var(--wp--preset--spacing--40);padding-right:0;padding-bottom:var(--wp--preset--spacing--30);padding-left:0;font-size:29px;font-style:normal;font-weight:500\">benjamin<\/p>\n\n\n\n<p style=\"margin-top:0;margin-right:0;margin-bottom:0;margin-left:0;padding-top:var(--wp--preset--spacing--40);padding-right:0;padding-bottom:var(--wp--preset--spacing--30);padding-left:0;font-size:29px;font-style:normal;font-weight:700;letter-spacing:0.5px\">hillig<\/p>\n<\/div>\n<\/div>\n<\/div>\n\n\n\n<h1 class=\"wp-block-heading has-3-x-large-font-size\" style=\"line-height:1.1\">Erkennen, was ist.<br>Entwickeln, was sein kann.<\/h1>\n\n\n\n<h3 class=\"wp-block-heading\" style=\"margin-top:var(--wp--preset--spacing--40);margin-bottom:0;padding-top:0;padding-right:0;padding-bottom:0;padding-left:0;font-style:normal;font-weight:200\">Executive Coaching &amp; Strategieberatung<\/h3>\n<\/div>\n<\/div>\n<\/div>\n<\/div><\/div>\n\n\n\n<div class=\"wp-block-group is-layout-constrained wp-container-core-group-is-layout-fae639dc wp-block-group-is-layout-constrained\" style=\"margin-top:0px;margin-bottom:0;padding-top:79px;padding-right:var(--wp--preset--spacing--40);padding-bottom:0px;padding-left:var(--wp--preset--spacing--40)\">\n<div class=\"wp-block-columns is-layout-flex wp-container-core-columns-is-layout-2000334d wp-block-columns-is-layout-flex\" style=\"padding-top:0;padding-right:0;padding-bottom:0;padding-left:0\">\n<div class=\"wp-block-column is-layout-flow wp-container-core-column-is-layout-1fd16bab wp-block-column-is-layout-flow\" style=\"padding-right:var(--wp--preset--spacing--20);padding-left:var(--wp--preset--spacing--20)\">\n<div class=\"wp-block-group has-border-color has-stroke-border-color is-layout-constrained wp-container-core-group-is-layout-4415b468 wp-block-group-is-layout-constrained\" style=\"border-width:1px;border-radius:5px;padding-top:20px;padding-right:var(--wp--preset--spacing--30);padding-bottom:20px;padding-left:var(--wp--preset--spacing--30)\">\n<figure class=\"wp-block-image size-large\"><img decoding=\"async\" src=\"https:\/\/www.benjamin-hillig.de\/wp-content\/themes\/ona\/assets\/img\/studio\/icon-diamond.svg\" alt=\"\" class=\"wp-image-52\"\/><\/figure>\n\n\n\n<h3 class=\"wp-block-heading\" style=\"font-size:1.25rem\">Analyse<\/h3>\n\n\n\n<p>Nur wer Zusammenh\u00e4nge wirklich versteht, kann fundierte Entscheidungen treffen.<\/p>\n\n\n\n<p>Ich analysiere mit Ihnen Ihre Situation \u2013 strukturiert, logisch und ohne blinde Flecken. Dabei machen wir sichtbar, was wirkt, was blockiert und wo die eigentlichen Hebel liegen.<\/p>\n<\/div>\n<\/div>\n\n\n\n<div class=\"wp-block-column is-layout-flow wp-block-column-is-layout-flow\" style=\"padding-right:var(--wp--preset--spacing--20);padding-left:var(--wp--preset--spacing--20)\">\n<div class=\"wp-block-group has-border-color has-stroke-border-color is-layout-constrained wp-container-core-group-is-layout-3cb46c08 wp-block-group-is-layout-constrained\" style=\"border-width:1px;border-radius:5px;margin-top:0;margin-bottom:0;padding-top:20px;padding-right:var(--wp--preset--spacing--30);padding-bottom:20px;padding-left:var(--wp--preset--spacing--30)\">\n<figure class=\"wp-block-image size-large\"><img decoding=\"async\" src=\"https:\/\/www.benjamin-hillig.de\/wp-content\/themes\/ona\/assets\/img\/studio\/icon-cloud.svg\" alt=\"\" class=\"wp-image-50\"\/><\/figure>\n\n\n\n<h3 class=\"wp-block-heading\" style=\"font-size:1.25rem\">Vision<\/h3>\n\n\n\n<p>Klarheit entsteht nicht durch Wunschdenken, sondern durch pr\u00e4zises Denken.<\/p>\n\n\n\n<p>Gemeinsam sch\u00e4rfen wir Ihre Zielrichtung und \u00fcbersetzen sie in eine realistische, tragf\u00e4hige Vision \u2013 konkret genug, um daraus Entscheidungen abzuleiten.<\/p>\n<\/div>\n<\/div>\n\n\n\n<div class=\"wp-block-column is-layout-flow wp-block-column-is-layout-flow\" style=\"padding-right:var(--wp--preset--spacing--20);padding-left:var(--wp--preset--spacing--20)\">\n<div class=\"wp-block-group has-border-color has-stroke-border-color is-layout-constrained wp-container-core-group-is-layout-4415b468 wp-block-group-is-layout-constrained\" style=\"border-width:1px;border-radius:5px;padding-top:20px;padding-right:var(--wp--preset--spacing--30);padding-bottom:20px;padding-left:var(--wp--preset--spacing--30)\">\n<figure class=\"wp-block-image size-large\"><img decoding=\"async\" src=\"https:\/\/www.benjamin-hillig.de\/wp-content\/themes\/ona\/assets\/img\/studio\/icon-shopbag.svg\" alt=\"icon-shopbag\" class=\"wp-image-53\"\/><\/figure>\n\n\n\n<h3 class=\"wp-block-heading\" style=\"font-size:1.25rem\">Wirkung<\/h3>\n\n\n\n<p>Gute Strategien zeigen sich nicht auf dem Papier, sondern im Ergebnis.<\/p>\n\n\n\n<p>Wir entwickeln konkrete Schritte, die zu Ihrer Situation passen \u2013 und sorgen daf\u00fcr, dass aus Erkenntnissen echte Ver\u00e4nderung entsteht.<\/p>\n<\/div>\n<\/div>\n<\/div>\n<\/div>\n\n\n\n<div class=\"wp-block-group is-style-default has-foreground-color has-text-color has-link-color has-medium-small-font-size wp-elements-4a9a4ac1b5b33e507aa3376f0935bc7a is-layout-constrained wp-container-core-group-is-layout-89c74f34 wp-block-group-is-layout-constrained\" style=\"border-style:none;border-width:0px;min-height:228px;margin-top:var(--wp--preset--spacing--40);margin-bottom:var(--wp--preset--spacing--40);padding-top:100px;padding-right:var(--wp--preset--spacing--50);padding-bottom:100px;padding-left:var(--wp--preset--spacing--50)\">\n<h2 class=\"wp-block-heading has-light-color has-custom-visitenkartenblau-1-background-color has-text-color has-background has-link-color wp-elements-75fc63e214979dc747c82cd78a7d81e1\" style=\"padding-top:var(--wp--preset--spacing--20);padding-right:var(--wp--preset--spacing--20);padding-bottom:var(--wp--preset--spacing--20);padding-left:var(--wp--preset--spacing--20)\">Hier sind Sie richtig, wenn\u2026<\/h2>\n\n\n\n<blockquote class=\"wp-block-quote is-layout-flow wp-block-quote-is-layout-flow\" style=\"margin-top:var(--wp--preset--spacing--60);margin-bottom:var(--wp--preset--spacing--60);padding-top:0;padding-bottom:0\">\n<p style=\"margin-top:var(--wp--preset--spacing--30);margin-bottom:var(--wp--preset--spacing--30)\">Sie viele Optionen haben, aber keine klare Entscheidung.<\/p>\n<\/blockquote>\n\n\n\n<blockquote class=\"wp-block-quote is-layout-flow wp-block-quote-is-layout-flow\" style=\"margin-top:var(--wp--preset--spacing--60);margin-bottom:var(--wp--preset--spacing--60);padding-top:0;padding-bottom:0\">\n<p style=\"margin-top:var(--wp--preset--spacing--30);margin-bottom:var(--wp--preset--spacing--30)\">Sie bereit sind, Ihre Situation wirklich zu durchdringen.<\/p>\n<\/blockquote>\n\n\n\n<blockquote class=\"wp-block-quote is-layout-flow wp-block-quote-is-layout-flow\" style=\"margin-top:var(--wp--preset--spacing--60);margin-bottom:var(--wp--preset--spacing--60);padding-top:0;padding-bottom:0\">\n<p style=\"margin-top:var(--wp--preset--spacing--30);margin-right:0;margin-bottom:var(--wp--preset--spacing--30);margin-left:0\">Sie einen Sparringspartner suchen, der strukturiert denkt und Dinge auf den Punkt bringt.<\/p>\n<\/blockquote>\n<\/div>\n\n\n\n<div class=\"wp-block-cover aligncenter ona-hero is-style-ona-hover-scale has-headings-color has-text-color has-link-color wp-elements-44f1c0780d57ae8ba5d5e13c88b4cee4 has-aspect-ratio\" style=\"border-style:none;border-width:0px;margin-top:0;margin-bottom:0;padding-right:0;padding-left:0;min-height:400px;aspect-ratio:auto;min-height:unset;\"><img loading=\"lazy\" decoding=\"async\" width=\"2560\" height=\"1920\" class=\"wp-block-cover__image-background wp-image-7330 size-full\" alt=\"\" src=\"https:\/\/www.benjamin-hillig.de\/wp-content\/uploads\/2026\/03\/IMG_3731-scaled.jpeg\" data-object-fit=\"cover\" srcset=\"https:\/\/www.benjamin-hillig.de\/wp-content\/uploads\/2026\/03\/IMG_3731-scaled.jpeg 2560w, https:\/\/www.benjamin-hillig.de\/wp-content\/uploads\/2026\/03\/IMG_3731-300x225.jpeg 300w, https:\/\/www.benjamin-hillig.de\/wp-content\/uploads\/2026\/03\/IMG_3731-1024x768.jpeg 1024w, https:\/\/www.benjamin-hillig.de\/wp-content\/uploads\/2026\/03\/IMG_3731-768x576.jpeg 768w, https:\/\/www.benjamin-hillig.de\/wp-content\/uploads\/2026\/03\/IMG_3731-1536x1152.jpeg 1536w, https:\/\/www.benjamin-hillig.de\/wp-content\/uploads\/2026\/03\/IMG_3731-2048x1536.jpeg 2048w, https:\/\/www.benjamin-hillig.de\/wp-content\/uploads\/2026\/03\/IMG_3731-1170x878.jpeg 1170w\" sizes=\"auto, (max-width: 2560px) 100vw, 2560px\" \/><span aria-hidden=\"true\" class=\"wp-block-cover__background has-text-regular-background-color has-background-dim-70 has-background-dim\"><\/span><div class=\"wp-block-cover__inner-container is-layout-constrained wp-container-core-cover-is-layout-0b5fb965 wp-block-cover-is-layout-constrained\">\n<div class=\"wp-block-group is-style-default is-layout-flow wp-container-core-group-is-layout-2233e180 wp-block-group-is-layout-flow\" style=\"margin-top:0;margin-bottom:0;padding-right:var(--wp--preset--spacing--30);padding-left:var(--wp--preset--spacing--30)\">\n<div class=\"wp-block-group alignfull is-style-default has-tertiary-color has-text-color has-link-color wp-elements-e022dcf8d92053812a9a2d853748b72d is-layout-flow wp-block-group-is-layout-flow\" style=\"margin-top:0;margin-bottom:0;padding-top:0;padding-right:var(--wp--preset--spacing--40);padding-bottom:0;padding-left:var(--wp--preset--spacing--40)\">\n<div style=\"margin-top:var(--wp--preset--spacing--60);margin-bottom:var(--wp--preset--spacing--60);height:0px\" aria-hidden=\"true\" class=\"wp-block-spacer\"><\/div>\n\n\n\n<h1 class=\"wp-block-heading has-text-align-center is-style-default has-secondary-color has-text-color has-link-color wp-elements-4cd91e8c4b35d9c057511926f8562f79\" id=\"schedule-a-visit\" style=\"line-height:1.15\">Lassen Sie uns gemeinsam entdecken, was sein kann.<\/h1>\n\n\n\n<p class=\"has-text-align-center has-secondary-color has-text-color has-link-color has-medium-font-size wp-elements-6a2f46cdaba4c3608ae2fa5b621ada28\" style=\"border-style:none;border-width:0px;margin-right:0;margin-left:0;line-height:1.5\">In einem unverbindlichen Erstgespr\u00e4ch kl\u00e4ren wir Ihre aktuelle Situation und stecken den Rahmen f\u00fcr Ihre Vision ab. <br>Ich freue mich auf Ihre Nachricht.<\/p>\n\n\n\n<div class=\"wp-block-buttons is-vertical is-content-justification-center is-layout-flex wp-container-core-buttons-is-layout-ed435cdd wp-block-buttons-is-layout-flex\">\n<div class=\"wp-block-button has-custom-width wp-block-button__width-75 is-style-fill\"><a class=\"wp-block-button__link has-secondary-color has-custom-visitenkartenblau-1-background-color has-text-color has-background has-medium-font-size has-custom-font-size wp-element-button\" href=\"mailto:coaching@benjamin-hillig.de\" style=\"border-style:none;border-width:0px;border-top-left-radius:15px;border-top-right-radius:15px;border-bottom-left-radius:15px;border-bottom-right-radius:15px;padding-top:var(--wp--preset--spacing--50);padding-right:var(--wp--preset--spacing--20);padding-bottom:var(--wp--preset--spacing--50);padding-left:var(--wp--preset--spacing--20)\">Jetzt Erstgespr\u00e4ch vereinbaren<\/a><\/div>\n<\/div>\n\n\n\n<div style=\"height:56px\" aria-hidden=\"true\" class=\"wp-block-spacer\"><\/div>\n<\/div>\n<\/div>\n<\/div><\/div>\n","protected":false},"excerpt":{"rendered":"<p>Analyse Nur wer Zusammenh\u00e4nge wirklich versteht, kann fundierte Entscheidungen treffen. Ich analysiere mit Ihnen Ihre Situation \u2013 strukturiert, logisch und ohne blinde Flecken. Dabei machen wir sichtbar, was wirkt, was blockiert und wo die eigentlichen Hebel liegen. Vision Klarheit entsteht nicht durch Wunschdenken, sondern durch pr\u00e4zises Denken. Gemeinsam sch\u00e4rfen wir Ihre Zielrichtung und \u00fcbersetzen sie [&hellip;]<\/p>\n","protected":false},"author":1,"featured_media":0,"parent":0,"menu_order":0,"comment_status":"closed","ping_status":"closed","template":"","meta":{"footnotes":""},"class_list":["post-5550","page","type-page","status-publish","hentry"],"_links":{"self":[{"href":"https:\/\/www.benjamin-hillig.de\/index.php?rest_route=\/wp\/v2\/pages\/5550","targetHints":{"allow":["GET"]}}],"collection":[{"href":"https:\/\/www.benjamin-hillig.de\/index.php?rest_route=\/wp\/v2\/pages"}],"about":[{"href":"https:\/\/www.benjamin-hillig.de\/index.php?rest_route=\/wp\/v2\/types\/page"}],"author":[{"embeddable":true,"href":"https:\/\/www.benjamin-hillig.de\/index.php?rest_route=\/wp\/v2\/users\/1"}],"replies":[{"embeddable":true,"href":"https:\/\/www.benjamin-hillig.de\/index.php?rest_route=%2Fwp%2Fv2%2Fcomments&post=5550"}],"version-history":[{"count":278,"href":"https:\/\/www.benjamin-hillig.de\/index.php?rest_route=\/wp\/v2\/pages\/5550\/revisions"}],"predecessor-version":[{"id":7705,"href":"https:\/\/www.benjamin-hillig.de\/index.php?rest_route=\/wp\/v2\/pages\/5550\/revisions\/7705"}],"wp:attachment":[{"href":"https:\/\/www.benjamin-hillig.de\/index.php?rest_route=%2Fwp%2Fv2%2Fmedia&parent=5550"}],"curies":[{"name":"wp","href":"https:\/\/api.w.org\/{rel}","templated":true}]}}