{"id":7639,"date":"2026-04-02T19:47:36","date_gmt":"2026-04-02T17:47:36","guid":{"rendered":"https:\/\/www.benjamin-hillig.de\/?page_id=7639"},"modified":"2026-04-02T20:33:15","modified_gmt":"2026-04-02T18:33:15","slug":"impressum","status":"publish","type":"page","link":"https:\/\/www.benjamin-hillig.de\/?page_id=7639","title":{"rendered":"Impressum"},"content":{"rendered":"\n<p>Benjamin Hillig<\/p>\n\n\n\n<p>Benjamin Hillig Coaching &amp; Strategie<\/p>\n\n\n\n<p>Eichenweg 6<\/p>\n\n\n\n<p>38110 Braunschweig<\/p>\n\n\n\n<h3 class=\"wp-block-heading\" style=\"margin-top:var(--wp--preset--spacing--30);margin-bottom:0\">Kontakt<\/h3>\n\n\n\n<p>Telefon: +49 1556 3377 588<\/p>\n\n\n\n<p>E-Mail: info@hilligcs.de<\/p>\n\n\n\n<p><\/p>\n\n\n\n<h3 class=\"wp-block-heading\" style=\"margin-top:var(--wp--preset--spacing--30)\">Umsatzsteuer-ID<\/h3>\n\n\n\n<p><\/p>\n\n\n\n<p>Umsatzsteuer-Identifikationsnummer gem\u00e4\u00df \u00a7 27 a Umsatzsteuergesetz:<\/p>\n\n\n\n<p>DE460794602<\/p>\n\n\n\n<h3 class=\"wp-block-heading\" style=\"margin-top:var(--wp--preset--spacing--30)\">Widerspruch gegen Werbemails<\/h3>\n\n\n\n<p>Der Nutzung von im Rahmen der Impressumspflicht ver\u00f6ffentlichten Kontaktdaten zur \u00dcbersendung von nicht ausdr\u00fccklich angeforderter Werbung und Informationsmaterialien wird hiermit widersprochen. Die Betreiber der Seiten behalten sich ausdr\u00fccklich rechtliche Schritte im Falle der unverlangten Zusendung von Werbeinformationen, etwa durch Spam-Mails, vor.<\/p>\n","protected":false},"excerpt":{"rendered":"<p>Benjamin Hillig Benjamin Hillig Coaching &amp; Strategie Eichenweg 6 38110 Braunschweig Kontakt Telefon: +49 1556 3377 588 E-Mail: info@hilligcs.de Umsatzsteuer-ID Umsatzsteuer-Identifikationsnummer gem\u00e4\u00df \u00a7 27 a Umsatzsteuergesetz: DE460794602 Widerspruch gegen Werbemails Der Nutzung von im Rahmen der Impressumspflicht ver\u00f6ffentlichten Kontaktdaten zur \u00dcbersendung von nicht ausdr\u00fccklich angeforderter Werbung und Informationsmaterialien wird hiermit widersprochen. Die Betreiber der Seiten [&hellip;]<\/p>\n","protected":false},"author":1,"featured_media":0,"parent":0,"menu_order":0,"comment_status":"closed","ping_status":"closed","template":"","meta":{"footnotes":""},"class_list":["post-7639","page","type-page","status-publish","hentry"],"_links":{"self":[{"href":"https:\/\/www.benjamin-hillig.de\/index.php?rest_route=\/wp\/v2\/pages\/7639","targetHints":{"allow":["GET"]}}],"collection":[{"href":"https:\/\/www.benjamin-hillig.de\/index.php?rest_route=\/wp\/v2\/pages"}],"about":[{"href":"https:\/\/www.benjamin-hillig.de\/index.php?rest_route=\/wp\/v2\/types\/page"}],"author":[{"embeddable":true,"href":"https:\/\/www.benjamin-hillig.de\/index.php?rest_route=\/wp\/v2\/users\/1"}],"replies":[{"embeddable":true,"href":"https:\/\/www.benjamin-hillig.de\/index.php?rest_route=%2Fwp%2Fv2%2Fcomments&post=7639"}],"version-history":[{"count":4,"href":"https:\/\/www.benjamin-hillig.de\/index.php?rest_route=\/wp\/v2\/pages\/7639\/revisions"}],"predecessor-version":[{"id":7655,"href":"https:\/\/www.benjamin-hillig.de\/index.php?rest_route=\/wp\/v2\/pages\/7639\/revisions\/7655"}],"wp:attachment":[{"href":"https:\/\/www.benjamin-hillig.de\/index.php?rest_route=%2Fwp%2Fv2%2Fmedia&parent=7639"}],"curies":[{"name":"wp","href":"https:\/\/api.w.org\/{rel}","templated":true}]}}